{"id":41,"date":"2026-01-22T17:28:09","date_gmt":"2026-01-22T16:28:09","guid":{"rendered":"http:\/\/localhost\/ccfks\/?page_id=41"},"modified":"2026-03-08T16:43:42","modified_gmt":"2026-03-08T15:43:42","slug":"seminaires-et-formations","status":"publish","type":"page","link":"https:\/\/ccfkalilousamake.com\/index.php\/seminaires-et-formations\/","title":{"rendered":"Formations"},"content":{"rendered":"\t\t<div data-elementor-type=\"wp-page\" data-elementor-id=\"41\" class=\"elementor elementor-41\" data-elementor-post-type=\"page\">\n\t\t\t\t<div class=\"elementor-element elementor-element-9a06deb e-con-full e-flex e-con e-parent\" data-id=\"9a06deb\" data-element_type=\"container\" data-settings=\"{&quot;jet_parallax_layout_list&quot;:[],&quot;ekit_has_onepagescroll_dot&quot;:&quot;yes&quot;}\">\n\t\t\t\t<div class=\"elementor-element elementor-element-25789f1 elementor--h-position-center elementor--v-position-middle elementor-widget elementor-widget-slides\" data-id=\"25789f1\" data-element_type=\"widget\" data-settings=\"{&quot;navigation&quot;:&quot;none&quot;,&quot;infinite&quot;:&quot;yes&quot;,&quot;transition&quot;:&quot;slide&quot;,&quot;transition_speed&quot;:500,&quot;ekit_we_effect_on&quot;:&quot;none&quot;}\" data-widget_type=\"slides.default\">\n\t\t\t\t<div class=\"elementor-widget-container\">\n\t\t\t\t\t\t\t\t\t<div class=\"elementor-swiper\">\r\n\t\t\t\t\t<div class=\"elementor-slides-wrapper elementor-main-swiper swiper\" role=\"region\" aria-roledescription=\"carousel\" aria-label=\"Slides\" dir=\"ltr\" data-animation=\"fadeInUp\">\r\n\t\t\t\t<div class=\"swiper-wrapper elementor-slides\">\r\n\t\t\t\t\t\t\t\t\t\t<div class=\"elementor-repeater-item-5b682b7 swiper-slide\" role=\"group\" aria-roledescription=\"slide\"><div class=\"swiper-slide-bg elementor-ken-burns elementor-ken-burns--in\" role=\"img\" aria-label=\"slide-seminaire\"><\/div><div class=\"swiper-slide-inner\" ><div class=\"swiper-slide-contents\"><\/div><\/div><\/div>\t\t\t\t<\/div>\r\n\t\t\t\t\t\t\t<\/div>\r\n\t\t\t\t<\/div>\r\n\t\t\t\t\t\t\t\t<\/div>\n\t\t\t\t<\/div>\n\t\t\t\t<\/div>\n\t\t<div class=\"elementor-element elementor-element-0fdd3dc e-flex e-con-boxed e-con e-parent\" data-id=\"0fdd3dc\" data-element_type=\"container\" data-settings=\"{&quot;jet_parallax_layout_list&quot;:[],&quot;ekit_has_onepagescroll_dot&quot;:&quot;yes&quot;}\">\n\t\t\t\t\t<div class=\"e-con-inner\">\n\t\t\t\t<div class=\"elementor-element elementor-element-1875c4e elementor-widget elementor-widget-elementskit-breadcrumb\" data-id=\"1875c4e\" data-element_type=\"widget\" data-settings=\"{&quot;ekit_we_effect_on&quot;:&quot;none&quot;}\" data-widget_type=\"elementskit-breadcrumb.default\">\n\t\t\t\t<div class=\"elementor-widget-container\">\n\t\t\t\t\t<div class=\"ekit-wid-con\" ><ol class=\"ekit-breadcrumb\"><li class=\"ekit_breadcrumbs_start\"><a href=\"https:\/\/ccfkalilousamake.com\">Home<\/a><\/li><\/ol><\/div>\t\t\t\t<\/div>\n\t\t\t\t<\/div>\n\t\t\t\t\t<\/div>\n\t\t\t\t<\/div>\n\t\t<div class=\"elementor-element elementor-element-3050920 e-flex e-con-boxed e-con e-parent\" data-id=\"3050920\" data-element_type=\"container\" data-settings=\"{&quot;background_background&quot;:&quot;classic&quot;,&quot;background_motion_fx_motion_fx_scrolling&quot;:&quot;yes&quot;,&quot;background_motion_fx_translateY_effect&quot;:&quot;yes&quot;,&quot;jet_parallax_layout_list&quot;:[],&quot;background_motion_fx_translateY_speed&quot;:{&quot;unit&quot;:&quot;px&quot;,&quot;size&quot;:4,&quot;sizes&quot;:[]},&quot;background_motion_fx_translateY_affectedRange&quot;:{&quot;unit&quot;:&quot;%&quot;,&quot;size&quot;:&quot;&quot;,&quot;sizes&quot;:{&quot;start&quot;:0,&quot;end&quot;:100}},&quot;background_motion_fx_devices&quot;:[&quot;desktop&quot;,&quot;tablet&quot;,&quot;mobile&quot;],&quot;ekit_has_onepagescroll_dot&quot;:&quot;yes&quot;}\">\n\t\t\t\t\t<div class=\"e-con-inner\">\n\t\t\t\t<div class=\"elementor-element elementor-element-1dbc98b elementor-invisible elementor-widget elementor-widget-heading\" data-id=\"1dbc98b\" data-element_type=\"widget\" data-settings=\"{&quot;_animation&quot;:&quot;fadeInDown&quot;,&quot;ekit_we_effect_on&quot;:&quot;none&quot;}\" data-widget_type=\"heading.default\">\n\t\t\t\t<div class=\"elementor-widget-container\">\n\t\t\t\t\t<h2 class=\"elementor-heading-title elementor-size-default\">S\u00c9MINAIRES ET FORMATIONS<\/h2>\t\t\t\t<\/div>\n\t\t\t\t<\/div>\n\t\t\t\t<div class=\"elementor-element elementor-element-e92bc3b elementor-widget-divider--view-line elementor-invisible elementor-widget elementor-widget-divider\" data-id=\"e92bc3b\" data-element_type=\"widget\" data-settings=\"{&quot;_animation&quot;:&quot;fadeIn&quot;,&quot;ekit_we_effect_on&quot;:&quot;none&quot;}\" data-widget_type=\"divider.default\">\n\t\t\t\t<div class=\"elementor-widget-container\">\n\t\t\t\t\t\t\t<div class=\"elementor-divider\">\n\t\t\t<span class=\"elementor-divider-separator\">\n\t\t\t\t\t\t<\/span>\n\t\t<\/div>\n\t\t\t\t\t\t<\/div>\n\t\t\t\t<\/div>\n\t\t\t\t<div class=\"elementor-element elementor-element-5adb74a uael-dual-heading-align-left elementor-invisible elementor-widget elementor-widget-uael-dual-color-heading\" data-id=\"5adb74a\" data-element_type=\"widget\" data-settings=\"{&quot;_animation&quot;:&quot;fadeInDown&quot;,&quot;ekit_we_effect_on&quot;:&quot;none&quot;}\" data-widget_type=\"uael-dual-color-heading.default\">\n\t\t\t\t<div class=\"elementor-widget-container\">\n\t\t\t\t\t\t\t\t\t<div class=\"uael-module-content uael-dual-color-heading uael-heading-stack-none\">\n\t\t\t<h3>\n\t\t\t\t\t\t\t\t\t\t\t\t\t\t\t\t<span class=\"uael-before-heading\"><span class=\"elementor-inline-editing uael-dual-heading-text uael-first-text\" data-elementor-setting-key=\"before_heading_text\" data-elementor-inline-editing-toolbar=\"basic\">Des \u00e9v\u00e9nements <\/span><\/span><span class=\"uael-adv-heading-stack\"><span class=\"elementor-inline-editing uael-dual-heading-text uael-highlight-text\" data-elementor-setting-key=\"second_heading_text\" data-elementor-inline-editing-toolbar=\"basic\">pour d\u00e9velopper vos comp\u00e9tences<\/span><\/span>\t\t\t\t\t\t\t\t\t\t\t\t\t<\/h3>\n\t\t<\/div>\n\t\t\t\t\t\t<\/div>\n\t\t\t\t<\/div>\n\t\t\t\t<div class=\"elementor-element elementor-element-b385293 elementor-invisible elementor-widget elementor-widget-text-editor\" data-id=\"b385293\" data-element_type=\"widget\" data-settings=\"{&quot;_animation&quot;:&quot;fadeInDown&quot;,&quot;ekit_we_effect_on&quot;:&quot;none&quot;}\" data-widget_type=\"text-editor.default\">\n\t\t\t\t<div class=\"elementor-widget-container\">\n\t\t\t\t\t\t\t\t\t<p>Le CCFKS organise r\u00e9guli\u00e8rement des s\u00e9minaires th\u00e9matiques et des sessions de formation pour permettre aux dirigeants d&#8217;entreprise, aux responsables financiers et aux gestionnaires de se mettre \u00e0 niveau sur les \u00e9volutions majeures.<\/p>\t\t\t\t\t\t\t\t<\/div>\n\t\t\t\t<\/div>\n\t\t\t\t<div class=\"elementor-element elementor-element-6da35fe uael-dual-heading-align-left elementor-invisible elementor-widget elementor-widget-uael-dual-color-heading\" data-id=\"6da35fe\" data-element_type=\"widget\" data-settings=\"{&quot;_animation&quot;:&quot;fadeInDown&quot;,&quot;ekit_we_effect_on&quot;:&quot;none&quot;}\" data-widget_type=\"uael-dual-color-heading.default\">\n\t\t\t\t<div class=\"elementor-widget-container\">\n\t\t\t\t\t\t\t\t\t<div class=\"uael-module-content uael-dual-color-heading uael-heading-stack-none\">\n\t\t\t<h3>\n\t\t\t\t\t\t\t\t\t\t\t\t\t\t\t\t<span class=\"uael-before-heading\"><span class=\"elementor-inline-editing uael-dual-heading-text uael-first-text\" data-elementor-setting-key=\"before_heading_text\" data-elementor-inline-editing-toolbar=\"basic\">Nos s\u00e9minaires th\u00e9matiques :<\/span><\/span><span class=\"uael-adv-heading-stack\"><span class=\"elementor-inline-editing uael-dual-heading-text uael-highlight-text\" data-elementor-setting-key=\"second_heading_text\" data-elementor-inline-editing-toolbar=\"basic\"><\/span><\/span>\t\t\t\t\t\t\t\t\t\t\t\t\t<\/h3>\n\t\t<\/div>\n\t\t\t\t\t\t<\/div>\n\t\t\t\t<\/div>\n\t\t<div class=\"elementor-element elementor-element-3308f2a e-con-full e-flex e-con e-child\" data-id=\"3308f2a\" data-element_type=\"container\" data-settings=\"{&quot;jet_parallax_layout_list&quot;:[],&quot;ekit_has_onepagescroll_dot&quot;:&quot;yes&quot;}\">\n\t\t<div class=\"elementor-element elementor-element-2de46b4 e-con-full e-flex e-con e-child\" data-id=\"2de46b4\" data-element_type=\"container\" data-settings=\"{&quot;jet_parallax_layout_list&quot;:[],&quot;ekit_has_onepagescroll_dot&quot;:&quot;yes&quot;}\">\n\t\t\t\t<div class=\"elementor-element elementor-element-33cbbc9 elementor-invisible elementor-widget elementor-widget-text-editor\" data-id=\"33cbbc9\" data-element_type=\"widget\" data-settings=\"{&quot;_animation&quot;:&quot;fadeInDown&quot;,&quot;ekit_we_effect_on&quot;:&quot;none&quot;}\" data-widget_type=\"text-editor.default\">\n\t\t\t\t<div class=\"elementor-widget-container\">\n\t\t\t\t\t\t\t\t\t<p><strong>Format :<\/strong><\/p><ul><li>Demi-journ\u00e9e ou journ\u00e9e compl\u00e8te<\/li><li>Anim\u00e9s par Monsieur Kalilou Samak\u00e9 et des experts invit\u00e9s<\/li><li>M\u00e9langeant pr\u00e9sentations, \u00e9changes et cas pratiques<\/li><li>Documentation compl\u00e8te remise aux participants<\/li><\/ul><p><strong>Th\u00e8mes r\u00e9guli\u00e8rement abord\u00e9s :<\/strong><\/p><ul><li>Loi de Finances : Quels changements pour votre entreprise ?<\/li><li>Contr\u00f4les fiscaux : Comment s&#8217;y pr\u00e9parer et les g\u00e9rer ?<\/li><li>TVA : Ma\u00eetriser les m\u00e9canismes et \u00e9viter les pi\u00e8ges<\/li><li>Fiscalit\u00e9 des groupes de soci\u00e9t\u00e9s<\/li><li>Optimisation fiscale l\u00e9gale : Strat\u00e9gies et limites<\/li><li>Relations avec l&#8217;administration fiscale : Droits et obligations<\/li><li>Digitalisation fiscale : Nouvelles obligations d\u00e9claratives<\/li><li>S\u00e9curit\u00e9 sociale : \u00c9volutions et impacts pour les entreprises<\/li><\/ul>\t\t\t\t\t\t\t\t<\/div>\n\t\t\t\t<\/div>\n\t\t\t\t<\/div>\n\t\t<div class=\"elementor-element elementor-element-ca4bcc1 e-con-full e-flex e-con e-child\" data-id=\"ca4bcc1\" data-element_type=\"container\" data-settings=\"{&quot;jet_parallax_layout_list&quot;:[],&quot;ekit_has_onepagescroll_dot&quot;:&quot;yes&quot;}\">\n\t\t\t\t<div class=\"elementor-element elementor-element-af88430 elementor-widget elementor-widget-image\" data-id=\"af88430\" data-element_type=\"widget\" data-settings=\"{&quot;ekit_we_effect_on&quot;:&quot;none&quot;}\" data-widget_type=\"image.default\">\n\t\t\t\t<div class=\"elementor-widget-container\">\n\t\t\t\t\t\t\t\t\t\t\t\t\t\t\t<img fetchpriority=\"high\" decoding=\"async\" width=\"600\" height=\"401\" src=\"https:\/\/ccfkalilousamake.com\/wp-content\/uploads\/2026\/02\/image-de-formations.jpg\" class=\"attachment-large size-large wp-image-501\" alt=\"\" srcset=\"https:\/\/ccfkalilousamake.com\/wp-content\/uploads\/2026\/02\/image-de-formations.jpg 600w, https:\/\/ccfkalilousamake.com\/wp-content\/uploads\/2026\/02\/image-de-formations-300x201.jpg 300w\" sizes=\"(max-width: 600px) 100vw, 600px\" \/>\t\t\t\t\t\t\t\t\t\t\t\t\t\t\t<\/div>\n\t\t\t\t<\/div>\n\t\t\t\t<\/div>\n\t\t\t\t<\/div>\n\t\t\t\t<div class=\"elementor-element elementor-element-aaad690 uael-dual-heading-align-left elementor-invisible elementor-widget elementor-widget-uael-dual-color-heading\" data-id=\"aaad690\" data-element_type=\"widget\" data-settings=\"{&quot;_animation&quot;:&quot;fadeInDown&quot;,&quot;ekit_we_effect_on&quot;:&quot;none&quot;}\" data-widget_type=\"uael-dual-color-heading.default\">\n\t\t\t\t<div class=\"elementor-widget-container\">\n\t\t\t\t\t\t\t\t\t<div class=\"uael-module-content uael-dual-color-heading uael-heading-stack-none\">\n\t\t\t<h3>\n\t\t\t\t\t\t\t\t\t\t\t\t\t\t\t\t<span class=\"uael-before-heading\"><span class=\"elementor-inline-editing uael-dual-heading-text uael-first-text\" data-elementor-setting-key=\"before_heading_text\" data-elementor-inline-editing-toolbar=\"basic\">Nos formations continues<\/span><\/span><span class=\"uael-adv-heading-stack\"><span class=\"elementor-inline-editing uael-dual-heading-text uael-highlight-text\" data-elementor-setting-key=\"second_heading_text\" data-elementor-inline-editing-toolbar=\"basic\"><\/span><\/span>\t\t\t\t\t\t\t\t\t\t\t\t\t<\/h3>\n\t\t<\/div>\n\t\t\t\t\t\t<\/div>\n\t\t\t\t<\/div>\n\t\t<div class=\"elementor-element elementor-element-9b30ef6 e-con-full e-flex e-con e-child\" data-id=\"9b30ef6\" data-element_type=\"container\" data-settings=\"{&quot;jet_parallax_layout_list&quot;:[],&quot;ekit_has_onepagescroll_dot&quot;:&quot;yes&quot;}\">\n\t\t<div class=\"elementor-element elementor-element-d7402ea e-con-full e-flex e-con e-child\" data-id=\"d7402ea\" data-element_type=\"container\" data-settings=\"{&quot;jet_parallax_layout_list&quot;:[],&quot;ekit_has_onepagescroll_dot&quot;:&quot;yes&quot;}\">\n\t\t\t\t<div class=\"elementor-element elementor-element-1c85863 elementor-invisible elementor-widget elementor-widget-text-editor\" data-id=\"1c85863\" data-element_type=\"widget\" data-settings=\"{&quot;_animation&quot;:&quot;fadeInDown&quot;,&quot;ekit_we_effect_on&quot;:&quot;none&quot;}\" data-widget_type=\"text-editor.default\">\n\t\t\t\t<div class=\"elementor-widget-container\">\n\t\t\t\t\t\t\t\t\t<p><strong>Formations courtes (1 \u00e0 3 jours) :<\/strong> Perfectionnement sur des th\u00e9matiques cibl\u00e9es pour les professionnels en activit\u00e9<\/p><p><strong>Formations longues (1 semaine et plus) :<\/strong> Parcours complets pour acqu\u00e9rir une expertise approfondie<\/p><p><strong>Formations certifiantes :<\/strong> Avec d\u00e9livrance d&#8217;une attestation de participation et de r\u00e9ussite<\/p><p><strong>Calendrier annuel :<\/strong> Consultez notre calendrier de formations pour conna\u00eetre les prochaines sessions et vous inscrire.<\/p><p><strong>Formations sur-mesure<\/strong><\/p><p>Nous concevons \u00e9galement des <strong>programmes de formation personnalis\u00e9s<\/strong> pour r\u00e9pondre aux besoins sp\u00e9cifiques de votre organisation :<\/p><ul><li>Audit de vos besoins en formation<\/li><li>Conception d&#8217;un programme adapt\u00e9<\/li><li>Animation dans vos locaux<\/li><li>Suivi post-formation<\/li><\/ul><p><strong>Contactez-nous<\/strong> pour \u00e9changer sur vos besoins en formation et recevoir une proposition personnalis\u00e9e.<\/p>\t\t\t\t\t\t\t\t<\/div>\n\t\t\t\t<\/div>\n\t\t\t\t<\/div>\n\t\t<div class=\"elementor-element elementor-element-46e7868 e-con-full e-flex e-con e-child\" data-id=\"46e7868\" data-element_type=\"container\" data-settings=\"{&quot;jet_parallax_layout_list&quot;:[],&quot;ekit_has_onepagescroll_dot&quot;:&quot;yes&quot;}\">\n\t\t\t\t<div class=\"elementor-element elementor-element-599e0a7 elementor-widget elementor-widget-image\" data-id=\"599e0a7\" data-element_type=\"widget\" data-settings=\"{&quot;ekit_we_effect_on&quot;:&quot;none&quot;}\" data-widget_type=\"image.default\">\n\t\t\t\t<div class=\"elementor-widget-container\">\n\t\t\t\t\t\t\t\t\t\t\t\t\t\t\t<img decoding=\"async\" width=\"625\" height=\"400\" src=\"https:\/\/ccfkalilousamake.com\/wp-content\/uploads\/2026\/01\/people-office-work-day-1.jpg\" class=\"attachment-large size-large wp-image-258\" alt=\"\" srcset=\"https:\/\/ccfkalilousamake.com\/wp-content\/uploads\/2026\/01\/people-office-work-day-1.jpg 625w, https:\/\/ccfkalilousamake.com\/wp-content\/uploads\/2026\/01\/people-office-work-day-1-300x192.jpg 300w\" sizes=\"(max-width: 625px) 100vw, 625px\" \/>\t\t\t\t\t\t\t\t\t\t\t\t\t\t\t<\/div>\n\t\t\t\t<\/div>\n\t\t\t\t<\/div>\n\t\t\t\t<\/div>\n\t\t<div class=\"elementor-element elementor-element-17ce3d1 e-con-full e-flex e-con e-child\" data-id=\"17ce3d1\" data-element_type=\"container\" data-settings=\"{&quot;jet_parallax_layout_list&quot;:[],&quot;ekit_has_onepagescroll_dot&quot;:&quot;yes&quot;}\">\n\t\t\t\t<\/div>\n\t\t\t\t\t<\/div>\n\t\t\t\t<\/div>\n\t\t\t\t<\/div>\n\t\t","protected":false},"excerpt":{"rendered":"<p>Home S\u00c9MINAIRES ET FORMATIONS Des \u00e9v\u00e9nements pour d\u00e9velopper vos comp\u00e9tences Le CCFKS organise r\u00e9guli\u00e8rement des s\u00e9minaires th\u00e9matiques et des sessions de formation pour permettre aux dirigeants d&#8217;entreprise, aux responsables financiers et aux gestionnaires de se mettre \u00e0 niveau sur les \u00e9volutions majeures. Nos s\u00e9minaires th\u00e9matiques : Format : Demi-journ\u00e9e ou journ\u00e9e compl\u00e8te Anim\u00e9s par Monsieur [&hellip;]<\/p>\n","protected":false},"author":1,"featured_media":0,"parent":0,"menu_order":0,"comment_status":"closed","ping_status":"closed","template":"elementor_canvas","meta":{"inline_featured_image":false,"footnotes":""},"class_list":["post-41","page","type-page","status-publish","hentry"],"_links":{"self":[{"href":"https:\/\/ccfkalilousamake.com\/index.php\/wp-json\/wp\/v2\/pages\/41","targetHints":{"allow":["GET"]}}],"collection":[{"href":"https:\/\/ccfkalilousamake.com\/index.php\/wp-json\/wp\/v2\/pages"}],"about":[{"href":"https:\/\/ccfkalilousamake.com\/index.php\/wp-json\/wp\/v2\/types\/page"}],"author":[{"embeddable":true,"href":"https:\/\/ccfkalilousamake.com\/index.php\/wp-json\/wp\/v2\/users\/1"}],"replies":[{"embeddable":true,"href":"https:\/\/ccfkalilousamake.com\/index.php\/wp-json\/wp\/v2\/comments?post=41"}],"version-history":[{"count":23,"href":"https:\/\/ccfkalilousamake.com\/index.php\/wp-json\/wp\/v2\/pages\/41\/revisions"}],"predecessor-version":[{"id":743,"href":"https:\/\/ccfkalilousamake.com\/index.php\/wp-json\/wp\/v2\/pages\/41\/revisions\/743"}],"wp:attachment":[{"href":"https:\/\/ccfkalilousamake.com\/index.php\/wp-json\/wp\/v2\/media?parent=41"}],"curies":[{"name":"wp","href":"https:\/\/api.w.org\/{rel}","templated":true}]}}